{"id":14,"date":"2026-04-16T11:05:47","date_gmt":"2026-04-16T04:05:47","guid":{"rendered":"https:\/\/vbnvietnam.vn\/?page_id=14"},"modified":"2026-04-16T11:15:46","modified_gmt":"2026-04-16T04:15:46","slug":"gioi-thieu","status":"publish","type":"page","link":"https:\/\/vbnvietnam.vn\/index.php\/gioi-thieu\/","title":{"rendered":"Gi\u1edbi thi\u1ec7u"},"content":{"rendered":"<h2>GI\u1edaI THI\u1ec6U VBN<\/h2>\n<p>VBN \u0111\u01b0\u1ee3c h\u00ecnh th\u00e0nh t\u1eeb m\u1ed9t ni\u1ec1m tin m\u1ea1nh m\u1ebd: khi nh\u1eefng con ng\u01b0\u1eddi c\u00f9ng chung kh\u00e1t v\u1ecdng k\u1ebft n\u1ed1i v\u00e0 ph\u00e1t tri\u1ec3n, h\u1ecd c\u00f3 th\u1ec3 t\u1ea1o n\u00ean nh\u1eefng gi\u00e1 tr\u1ecb l\u1edbn h\u01a1n cho c\u1ed9ng \u0111\u1ed3ng, cho ng\u00e0nh ngh\u1ec1 v\u00e0 cho \u0111\u1ea5t n\u01b0\u1edbc. T\u1eeb kh\u00e1t v\u1ecdng \u0111\u00f3, VBN ra \u0111\u1eddi nh\u01b0 m\u1ed9t h\u1ec7 sinh th\u00e1i k\u1ebft n\u1ed1i c\u00e1c nh\u00e0 th\u1ea7u, doanh nghi\u1ec7p, chuy\u00ean gia trong l\u0129nh v\u1ef1c x\u00e2y d\u1ef1ng, ki\u1ebfn tr\u00fac, n\u1ed9i th\u1ea5t v\u00e0 v\u1eadt li\u1ec7u ho\u00e0n thi\u1ec7n \u2014 n\u01a1i nh\u1eefng m\u1ed1i quan h\u1ec7 h\u1ee3p t\u00e1c \u0111\u01b0\u1ee3c vun \u0111\u1eafp b\u1eb1ng uy t\u00edn, tinh th\u1ea7n chia s\u1ebb v\u00e0 s\u1ef1 ph\u00e1t tri\u1ec3n b\u1ec1n v\u1eefng.<\/p>\n<p>Ch\u00fang t\u00f4i tin r\u1eb1ng, s\u1ef1 l\u1edbn m\u1ea1nh c\u1ee7a m\u1ed9t doanh nghi\u1ec7p kh\u00f4ng ch\u1ec9 \u0111\u1ebfn t\u1eeb n\u0103ng l\u1ef1c ri\u00eang l\u1ebb, m\u00e0 c\u00f2n \u0111\u1ebfn t\u1eeb s\u1ee9c m\u1ea1nh c\u1ee7a c\u1ed9ng \u0111\u1ed3ng, c\u1ee7a s\u1ef1 \u0111\u1ed3ng h\u00e0nh v\u00e0 c\u1ee7a nh\u1eefng k\u1ebft n\u1ed1i \u0111\u00fang gi\u00e1 tr\u1ecb. VBN \u0111\u01b0\u1ee3c x\u00e2y d\u1ef1ng \u0111\u1ec3 tr\u1edf th\u00e0nh m\u1ed9t ng\u00f4i nh\u00e0 chung nh\u01b0 v\u1eady \u2014 n\u01a1i c\u00e1c th\u00e0nh vi\u00ean c\u00f9ng nhau trao \u0111\u1ed5i, h\u1ed7 tr\u1ee3, m\u1edf r\u1ed9ng c\u01a1 h\u1ed9i kinh doanh v\u00e0 c\u00f9ng ti\u1ebfn b\u01b0\u1edbc tr\u00ean h\u00e0nh tr\u00ecnh ki\u1ebfn t\u1ea1o nh\u1eefng c\u00f4ng tr\u00ecnh, kh\u00f4ng gian v\u00e0 gi\u00e1 tr\u1ecb s\u1ed1ng t\u1ed1t \u0111\u1eb9p h\u01a1n cho x\u00e3 h\u1ed9i.<\/p>\n<h2>S\u1ee9 m\u1ec7nh<\/h2>\n<p>VBN mang trong m\u00ecnh s\u1ee9 m\u1ec7nh quy t\u1ee5 c\u00e1c nh\u00e0 th\u1ea7u uy t\u00edn, k\u1ebft n\u1ed1i s\u1ee9c m\u1ea1nh c\u1ee7a nh\u1eefng doanh nghi\u1ec7p c\u00f9ng ch\u00ed h\u01b0\u1edbng \u0111\u1ec3 c\u00f9ng ph\u00e1t tri\u1ec3n v\u00ec m\u1ed9t Vi\u1ec7t Nam v\u01b0\u01a1n m\u00ecnh m\u1ea1nh m\u1ebd, b\u1ec1n v\u1eefng.<\/p>\n<h2>T\u1ea7m nh\u00ecn<\/h2>\n<p>\u0110\u1ebfn n\u0103m 2030, VBN h\u01b0\u1edbng t\u1edbi m\u1ee5c ti\u00eau quy t\u1ee5 3.000 nh\u00e0 th\u1ea7u tr\u00ean kh\u1eafp Vi\u1ec7t Nam, tr\u1edf th\u00e0nh m\u1ea1ng l\u01b0\u1edbi k\u1ebft n\u1ed1i ng\u00e0nh x\u00e2y d\u1ef1ng h\u00e0ng \u0111\u1ea7u, \u0111\u01b0\u1ee3c \u0111\u1ed1i t\u00e1c v\u00e0 kh\u00e1ch h\u00e0ng trong n\u01b0\u1edbc, qu\u1ed1c t\u1ebf tin t\u01b0\u1edfng l\u1ef1a ch\u1ecdn.<\/p>\n<h2>Gi\u00e1 tr\u1ecb c\u1ed1t l\u00f5i<\/h2>\n<h3>K\u1ebft n\u1ed1i<\/h3>\n<p>VBN lu\u00f4n ch\u1ee7 \u0111\u1ed9ng t\u1ea1o ra nh\u1eefng c\u1ea7u n\u1ed1i gi\u00e1 tr\u1ecb, th\u00fac \u0111\u1ea9y s\u1ef1 chia s\u1ebb ngu\u1ed3n l\u1ef1c, kinh nghi\u1ec7m v\u00e0 c\u01a1 h\u1ed9i h\u1ee3p t\u00e1c gi\u1eefa c\u00e1c doanh nghi\u1ec7p. Ch\u00fang t\u00f4i tin r\u1eb1ng, k\u1ebft n\u1ed1i \u0111\u00fang c\u00e1ch s\u1ebd m\u1edf ra nh\u1eefng gi\u00e1 tr\u1ecb l\u1edbn h\u01a1n cho t\u1ea5t c\u1ea3 c\u00e1c b\u00ean c\u00f9ng tham gia.<\/p>\n<h3>Ch\u1ee7 \u0111\u1ed9ng<\/h3>\n<p>VBN \u0111\u1ec1 cao tinh th\u1ea7n ti\u00ean phong, \u0111\u1ed5i m\u1edbi v\u00e0 th\u00edch \u1ee9ng nhanh v\u1edbi s\u1ef1 chuy\u1ec3n \u0111\u1ed9ng c\u1ee7a th\u1ecb tr\u01b0\u1eddng. S\u1ef1 ch\u1ee7 \u0111\u1ed9ng gi\u00fap ch\u00fang t\u00f4i kh\u00f4ng ng\u1eebng ho\u00e0n thi\u1ec7n, s\u00e1ng t\u1ea1o v\u00e0 t\u1ea1o ra l\u1ee3i th\u1ebf b\u1ec1n v\u1eefng cho c\u1ed9ng \u0111\u1ed3ng th\u00e0nh vi\u00ean.<\/p>\n<h3>Uy t\u00edn<\/h3>\n<p>V\u1edbi VBN, uy t\u00edn l\u00e0 n\u1ec1n t\u1ea3ng c\u1ee7a ni\u1ec1m tin. Ch\u00fang t\u00f4i cam k\u1ebft minh b\u1ea1ch, tr\u00e1ch nhi\u1ec7m v\u00e0 nh\u1ea5t qu\u00e1n trong m\u1ecdi ho\u1ea1t \u0111\u1ed9ng, \u0111\u1ec3 m\u1ed7i s\u1ef1 h\u1ee3p t\u00e1c \u0111\u1ec1u \u0111\u01b0\u1ee3c x\u00e2y d\u1ef1ng tr\u00ean c\u01a1 s\u1edf tin c\u1eady v\u00e0 t\u00f4n tr\u1ecdng l\u1eabn nhau.<\/p>\n<h2>Slogan<\/h2>\n<p><strong>N\u00e2ng t\u1ea7m gi\u00e1 tr\u1ecb nh\u00e0 th\u1ea7u<\/strong><\/p>\n<p>Tri\u1ebft l\u00fd ho\u1ea1t \u0111\u1ed9ng<\/p>\n<p>K\u1ebft n\u1ed1i th\u00e0nh c\u00f4ng: VBN ki\u1ebfn t\u1ea1o m\u1ed9t h\u1ec7 th\u1ed1ng k\u1ebft n\u1ed1i b\u1ec1n ch\u1eb7t gi\u1eefa th\u00e0nh vi\u00ean, \u0111\u1ed1i t\u00e1c v\u00e0 kh\u00e1ch h\u00e0ng, th\u00f4ng qua nh\u1eefng t\u01b0\u01a1ng t\u00e1c th\u1ef1c ch\u1ea5t, th\u01b0\u1eddng xuy\u00ean v\u00e0 hi\u1ec7u qu\u1ea3. M\u1ed7i k\u1ebft n\u1ed1i kh\u00f4ng ch\u1ec9 d\u1eebng \u1edf h\u1ee3p t\u00e1c, m\u00e0 c\u00f2n m\u1edf ra c\u01a1 h\u1ed9i ph\u00e1t tri\u1ec3n l\u00e2u d\u00e0i.<\/p>\n<p>Chung tay ph\u00e1t tri\u1ec3n: VBN l\u00e0 m\u1ed9t c\u1ed9ng \u0111\u1ed3ng \u0111\u1ed3ng h\u00e0nh, n\u01a1i m\u1ed7i th\u00e0nh vi\u00ean \u0111\u1ec1u c\u00f3 c\u01a1 h\u1ed9i \u0111\u01b0\u1ee3c h\u1ed7 tr\u1ee3, n\u00e2ng cao n\u0103ng l\u1ef1c qu\u1ea3n tr\u1ecb, m\u1edf r\u1ed9ng th\u1ecb tr\u01b0\u1eddng v\u00e0 ph\u00e1t tri\u1ec3n b\u1ec1n v\u1eefng trong m\u1ed9t m\u00f4i tr\u01b0\u1eddng chuy\u00ean nghi\u1ec7p, minh b\u1ea1ch v\u00e0 nh\u00e2n v\u0103n.<\/p>\n<p>T\u00ednh c\u00e1ch th\u01b0\u01a1ng hi\u1ec7u<\/p>\n<p>VBN mang trong m\u00ecnh tinh th\u1ea7n Vi\u1ec7t Nam m\u1ea1nh m\u1ebd, ki\u00ean c\u01b0\u1eddng, \u0111o\u00e0n k\u1ebft v\u00e0 ngh\u0129a t\u00ecnh. \u0110\u00f3 l\u00e0 tinh th\u1ea7n c\u1ee7a nh\u1eefng con ng\u01b0\u1eddi d\u00e1m ngh\u0129, d\u00e1m l\u00e0m, c\u00f9ng nhau x\u00e2y d\u1ef1ng gi\u00e1 tr\u1ecb t\u1eeb s\u1ef1 b\u1ec1n b\u1ec9, tr\u00e1ch nhi\u1ec7m v\u00e0 l\u00f2ng tin. Tinh th\u1ea7n \u1ea5y \u0111\u01b0\u1ee3c th\u1ec3 hi\u1ec7n trong t\u1eebng ho\u1ea1t \u0111\u1ed9ng, t\u1eebng k\u1ebft n\u1ed1i v\u00e0 trong ch\u00ednh m\u1ee5c ti\u00eau d\u00e0i h\u1ea1n m\u00e0 VBN theo \u0111u\u1ed5i.<\/p>\n<p>V\u1edbi t\u1ea7m nh\u00ecn r\u00f5 r\u00e0ng, s\u1ee9 m\u1ec7nh nh\u00e2n v\u0103n, gi\u00e1 tr\u1ecb c\u1ed1t l\u00f5i v\u1eefng ch\u1eafc v\u00e0 tri\u1ebft l\u00fd ho\u1ea1t \u0111\u1ed9ng nh\u1ea5t qu\u00e1n, VBN \u0111ang t\u1eebng b\u01b0\u1edbc kh\u1eb3ng \u0111\u1ecbnh v\u1ecb th\u1ebf l\u00e0 m\u1ed9t m\u1ea1ng l\u01b0\u1edbi k\u1ebft n\u1ed1i uy t\u00edn, g\u00f3p ph\u1ea7n n\u00e2ng t\u1ea7m ng\u00e0nh x\u00e2y d\u1ef1ng Vi\u1ec7t Nam tr\u00ean h\u00e0nh tr\u00ecnh ph\u00e1t tri\u1ec3n b\u1ec1n v\u1eefng v\u00e0 h\u1ed9i nh\u1eadp s\u00e2u r\u1ed9ng.<\/p>\n<p>&nbsp;<\/p>\n<p>&nbsp;<\/p>\n","protected":false},"excerpt":{"rendered":"<p>GI\u1edaI THI\u1ec6U VBN VBN \u0111\u01b0\u1ee3c h\u00ecnh th\u00e0nh t\u1eeb m\u1ed9t ni\u1ec1m tin m\u1ea1nh m\u1ebd: khi nh\u1eefng con ng\u01b0\u1eddi c\u00f9ng chung kh\u00e1t v\u1ecdng k\u1ebft n\u1ed1i v\u00e0 ph\u00e1t tri\u1ec3n, h\u1ecd c\u00f3 th\u1ec3 t\u1ea1o n\u00ean nh\u1eefng gi\u00e1 tr\u1ecb l\u1edbn h\u01a1n cho c\u1ed9ng \u0111\u1ed3ng, cho ng\u00e0nh ngh\u1ec1 v\u00e0 cho \u0111\u1ea5t n\u01b0\u1edbc. T\u1eeb kh\u00e1t v\u1ecdng \u0111\u00f3, VBN ra \u0111\u1eddi nh\u01b0 m\u1ed9t [&#8230;]\n","protected":false},"author":1,"featured_media":0,"parent":0,"menu_order":0,"comment_status":"closed","ping_status":"closed","template":"","meta":{"footnotes":""},"class_list":["post-14","page","type-page","status-publish","hentry"],"_links":{"self":[{"href":"https:\/\/vbnvietnam.vn\/index.php\/wp-json\/wp\/v2\/pages\/14","targetHints":{"allow":["GET"]}}],"collection":[{"href":"https:\/\/vbnvietnam.vn\/index.php\/wp-json\/wp\/v2\/pages"}],"about":[{"href":"https:\/\/vbnvietnam.vn\/index.php\/wp-json\/wp\/v2\/types\/page"}],"author":[{"embeddable":true,"href":"https:\/\/vbnvietnam.vn\/index.php\/wp-json\/wp\/v2\/users\/1"}],"replies":[{"embeddable":true,"href":"https:\/\/vbnvietnam.vn\/index.php\/wp-json\/wp\/v2\/comments?post=14"}],"version-history":[{"count":3,"href":"https:\/\/vbnvietnam.vn\/index.php\/wp-json\/wp\/v2\/pages\/14\/revisions"}],"predecessor-version":[{"id":17,"href":"https:\/\/vbnvietnam.vn\/index.php\/wp-json\/wp\/v2\/pages\/14\/revisions\/17"}],"wp:attachment":[{"href":"https:\/\/vbnvietnam.vn\/index.php\/wp-json\/wp\/v2\/media?parent=14"}],"curies":[{"name":"wp","href":"https:\/\/api.w.org\/{rel}","templated":true}]}}