{"id":9,"date":"2026-04-16T04:04:32","date_gmt":"2026-04-16T04:04:32","guid":{"rendered":"https:\/\/vbnvietnam.vn\/?page_id=9"},"modified":"2026-04-16T11:38:09","modified_gmt":"2026-04-16T04:38:09","slug":"trang-chu","status":"publish","type":"page","link":"https:\/\/vbnvietnam.vn\/","title":{"rendered":"Trang ch\u1ee7"},"content":{"rendered":"\n\t<section class=\"section\" id=\"section_1264415076\">\n\t\t<div class=\"section-bg fill\" >\n\t\t\t\t\t\t\t\t\t\n\t\t\t\n\n\t\t<\/div>\n\n\t\t\n\n\t\t<div class=\"section-content relative\">\n\t\t\t\n<div class=\"row\"  id=\"row-7015579\">\n\n\t<div id=\"col-713700000\" class=\"col medium-6 small-12 large-6\"  >\n\t\t\t\t<div class=\"col-inner\"  >\n\t\t\t\n\t\t\t\n\t<div class=\"img has-hover x md-x lg-x y md-y lg-y\" id=\"image_938090281\">\n\t\t\t\t\t\t\t\t<div class=\"img-inner dark\" >\n\t\t\t<img loading=\"lazy\" decoding=\"async\" width=\"2560\" height=\"1927\" src=\"https:\/\/vbnvietnam.vn\/wp-content\/uploads\/2026\/04\/gioi-thieu.webp\" class=\"attachment-original size-original\" alt=\"\" srcset=\"https:\/\/vbnvietnam.vn\/wp-content\/uploads\/2026\/04\/gioi-thieu.webp 2560w, https:\/\/vbnvietnam.vn\/wp-content\/uploads\/2026\/04\/gioi-thieu-300x226.webp 300w, https:\/\/vbnvietnam.vn\/wp-content\/uploads\/2026\/04\/gioi-thieu-1024x771.webp 1024w, https:\/\/vbnvietnam.vn\/wp-content\/uploads\/2026\/04\/gioi-thieu-768x578.webp 768w, https:\/\/vbnvietnam.vn\/wp-content\/uploads\/2026\/04\/gioi-thieu-1536x1156.webp 1536w, https:\/\/vbnvietnam.vn\/wp-content\/uploads\/2026\/04\/gioi-thieu-2048x1542.webp 2048w\" sizes=\"auto, (max-width: 2560px) 100vw, 2560px\" \/>\t\t\t\t\t\t\n\t\t\t\t\t<\/div>\n\t\t\t\t\t\t\t\t\n<style>\n#image_938090281 {\n  width: 100%;\n}\n<\/style>\n\t<\/div>\n\t\n\t\t<\/div>\n\t\t\t\t\t<\/div>\n\n\t\n\n\t<div id=\"col-1576118137\" class=\"col medium-6 small-12 large-6\"  >\n\t\t\t\t<div class=\"col-inner\"  >\n\t\t\t\n\t\t\t\n<p>VBN \u0111\u01b0\u1ee3c h\u00ecnh th\u00e0nh t\u1eeb m\u1ed9t ni\u1ec1m tin m\u1ea1nh m\u1ebd: khi nh\u1eefng con ng\u01b0\u1eddi c\u00f9ng chung kh\u00e1t v\u1ecdng k\u1ebft n\u1ed1i v\u00e0 ph\u00e1t tri\u1ec3n, h\u1ecd c\u00f3 th\u1ec3 t\u1ea1o n\u00ean nh\u1eefng gi\u00e1 tr\u1ecb l\u1edbn h\u01a1n cho c\u1ed9ng \u0111\u1ed3ng, cho ng\u00e0nh ngh\u1ec1 v\u00e0 cho \u0111\u1ea5t n\u01b0\u1edbc. T\u1eeb kh\u00e1t v\u1ecdng \u0111\u00f3, VBN ra \u0111\u1eddi nh\u01b0 m\u1ed9t h\u1ec7 sinh th\u00e1i k\u1ebft n\u1ed1i c\u00e1c nh\u00e0 th\u1ea7u, doanh nghi\u1ec7p, chuy\u00ean gia trong l\u0129nh v\u1ef1c x\u00e2y d\u1ef1ng, ki\u1ebfn tr\u00fac, n\u1ed9i th\u1ea5t v\u00e0 v\u1eadt li\u1ec7u ho\u00e0n thi\u1ec7n \u2014 n\u01a1i nh\u1eefng m\u1ed1i quan h\u1ec7 h\u1ee3p t\u00e1c \u0111\u01b0\u1ee3c vun \u0111\u1eafp b\u1eb1ng uy t\u00edn, tinh th\u1ea7n chia s\u1ebb v\u00e0 s\u1ef1 ph\u00e1t tri\u1ec3n b\u1ec1n v\u1eefng.<\/p>\n<a href=\"\/gioi-thieu\/\" class=\"button primary lowercase\" style=\"border-radius:99px;\">\n\t\t<span>Chi ti\u1ebft<\/span>\n\t<i class=\"icon-angle-right\" aria-hidden=\"true\"><\/i><\/a>\n\n\t\t<\/div>\n\t\t\t\t\t<\/div>\n\n\t\n<\/div>\n\t\t<\/div>\n\n\t\t\n<style>\n#section_1264415076 {\n  padding-top: 30px;\n  padding-bottom: 30px;\n}\n<\/style>\n\t<\/section>\n\t\n","protected":false},"excerpt":{"rendered":"","protected":false},"author":1,"featured_media":0,"parent":0,"menu_order":0,"comment_status":"closed","ping_status":"closed","template":"page-blank.php","meta":{"footnotes":""},"class_list":["post-9","page","type-page","status-publish","hentry"],"_links":{"self":[{"href":"https:\/\/vbnvietnam.vn\/index.php\/wp-json\/wp\/v2\/pages\/9","targetHints":{"allow":["GET"]}}],"collection":[{"href":"https:\/\/vbnvietnam.vn\/index.php\/wp-json\/wp\/v2\/pages"}],"about":[{"href":"https:\/\/vbnvietnam.vn\/index.php\/wp-json\/wp\/v2\/types\/page"}],"author":[{"embeddable":true,"href":"https:\/\/vbnvietnam.vn\/index.php\/wp-json\/wp\/v2\/users\/1"}],"replies":[{"embeddable":true,"href":"https:\/\/vbnvietnam.vn\/index.php\/wp-json\/wp\/v2\/comments?post=9"}],"version-history":[{"count":5,"href":"https:\/\/vbnvietnam.vn\/index.php\/wp-json\/wp\/v2\/pages\/9\/revisions"}],"predecessor-version":[{"id":27,"href":"https:\/\/vbnvietnam.vn\/index.php\/wp-json\/wp\/v2\/pages\/9\/revisions\/27"}],"wp:attachment":[{"href":"https:\/\/vbnvietnam.vn\/index.php\/wp-json\/wp\/v2\/media?parent=9"}],"curies":[{"name":"wp","href":"https:\/\/api.w.org\/{rel}","templated":true}]}}